{"id":6217,"date":"2022-09-14T09:57:37","date_gmt":"2022-09-14T09:57:37","guid":{"rendered":"https:\/\/pluralentertainment.com\/films\/"},"modified":"2022-10-12T18:00:50","modified_gmt":"2022-10-12T18:00:50","slug":"films","status":"publish","type":"page","link":"https:\/\/pluralentertainment.com\/en\/films\/","title":{"rendered":"Films"},"content":{"rendered":"<p>[et_pb_section fb_built=&#8221;1&#8243; admin_label=&#8221;Topo da p\u00e1gina&#8221; module_class=&#8221;row-cat-banner&#8221; _builder_version=&#8221;4.18.0&#8243; _module_preset=&#8221;default&#8221; background_image=&#8221;https:\/\/pluralentertainment.com\/wp-content\/uploads\/2022\/08\/filmes-bg.jpg&#8221; max_width=&#8221;1294px&#8221; module_alignment=&#8221;center&#8221; custom_padding=&#8221;0px|||||&#8221; collapsed=&#8221;on&#8221; global_colors_info=&#8221;{}&#8221;][et_pb_row module_class=&#8221;row-breadcrumb&#8221; _builder_version=&#8221;4.18.0&#8243; _module_preset=&#8221;default&#8221; background_enable_color=&#8221;off&#8221; background_enable_image=&#8221;off&#8221; custom_margin=&#8221;0px||0px||true|false&#8221; custom_padding=&#8221;0px||20px||false|false&#8221; global_colors_info=&#8221;{}&#8221;][et_pb_column type=&#8221;4_4&#8243; _builder_version=&#8221;4.18.0&#8243; _module_preset=&#8221;default&#8221; global_colors_info=&#8221;{}&#8221;][et_pb_text module_class=&#8221;bc-item&#8221; _builder_version=&#8221;4.18.0&#8243; _dynamic_attributes=&#8221;link_option_url&#8221; _module_preset=&#8221;default&#8221; link_option_url=&#8221;@ET-DC@eyJkeW5hbWljIjp0cnVlLCJjb250ZW50IjoiaG9tZV91cmwiLCJzZXR0aW5ncyI6W119@&#8221; global_colors_info=&#8221;{}&#8221;]<\/p>\n<p>Home<\/p>\n<p>[\/et_pb_text][et_pb_text module_class=&#8221;bc-item&#8221; _builder_version=&#8221;4.18.0&#8243; _module_preset=&#8221;default&#8221; global_colors_info=&#8221;{}&#8221;]<\/p>\n<p>Films<\/p>\n<p>[\/et_pb_text][\/et_pb_column][\/et_pb_row][et_pb_row module_class=&#8221;row-cat-logo&#8221; _builder_version=&#8221;4.18.0&#8243; _module_preset=&#8221;default&#8221; background_enable_color=&#8221;off&#8221; background_enable_image=&#8221;off&#8221; custom_margin=&#8221;0px||0px||true|false&#8221; custom_padding=&#8221;0px||0px||true|false&#8221; global_colors_info=&#8221;{}&#8221;][et_pb_column type=&#8221;4_4&#8243; _builder_version=&#8221;4.18.0&#8243; _module_preset=&#8221;default&#8221; global_colors_info=&#8221;{}&#8221;][et_pb_text module_class=&#8221;telenovelas-title&#8221; _builder_version=&#8221;4.18.0&#8243; _module_preset=&#8221;default&#8221; header_font=&#8221;Montserrat|600||on|||||&#8221; header_text_align=&#8221;center&#8221; header_text_color=&#8221;#FFFFFF&#8221; header_letter_spacing=&#8221;5px&#8221; header_font_size_tablet=&#8221;60px&#8221; header_font_size_phone=&#8221;40px&#8221; header_font_size_last_edited=&#8221;on|phone&#8221; global_colors_info=&#8221;{}&#8221;]<\/p>\n<h1>Films<\/h1>\n<p>[\/et_pb_text][\/et_pb_column][\/et_pb_row][\/et_pb_section][et_pb_section fb_built=&#8221;1&#8243; admin_label=&#8221;V\u00eddeo &#8211; Morangos com A\u00e7\u00facar&#8221; module_class=&#8221;sec-prod-video&#8221; _builder_version=&#8221;4.18.0&#8243; _module_preset=&#8221;default&#8221; custom_padding=&#8221;0px||0px|||&#8221; collapsed=&#8221;on&#8221; global_colors_info=&#8221;{}&#8221;][et_pb_row _builder_version=&#8221;4.18.0&#8243; _module_preset=&#8221;default&#8221; custom_padding=&#8221;||0px|||&#8221; global_colors_info=&#8221;{}&#8221;][et_pb_column type=&#8221;4_4&#8243; _builder_version=&#8221;4.18.0&#8243; _module_preset=&#8221;default&#8221; global_colors_info=&#8221;{}&#8221;]<\/p>\n<p>[et_pb_video_slider show_thumbnails=&#8221;off&#8221; module_class=&#8221;prod-slider&#8221; _builder_version=&#8221;4.18.0&#8243; _module_preset=&#8221;default&#8221; background_color=&#8221;#C8C8C8&#8243; global_colors_info=&#8221;{}&#8221;][et_pb_video_slider_item src=&#8221;https:\/\/vimeo.com\/757944216&#8243; _builder_version=&#8221;4.18.0&#8243; _module_preset=&#8221;default&#8221; global_colors_info=&#8221;{}&#8221; show_image_overlay=&#8221;off&#8221;][\/et_pb_video_slider_item][\/et_pb_video_slider]<\/p>\n<p>[\/et_pb_column][\/et_pb_row][\/et_pb_section][et_pb_section fb_built=&#8221;1&#8243; admin_label=&#8221;Info &#8211; Morangos com A\u00e7\u00facar&#8221; module_class=&#8221;sec-prod-info&#8221; _builder_version=&#8221;4.18.0&#8243; _module_preset=&#8221;default&#8221; module_alignment=&#8221;center&#8221; custom_padding=&#8221;0px||30px||false|false&#8221; collapsed=&#8221;on&#8221; global_colors_info=&#8221;{}&#8221;][et_pb_row custom_padding_last_edited=&#8221;on|phone&#8221; admin_label=&#8221;Apresenta\u00e7\u00e3o&#8221; _builder_version=&#8221;4.18.0&#8243; _module_preset=&#8221;default&#8221; custom_padding=&#8221;46px||0px||false|false&#8221; custom_padding_tablet=&#8221;36px||||false|false&#8221; custom_padding_phone=&#8221;36px||||false|false&#8221; collapsed=&#8221;off&#8221; global_colors_info=&#8221;{}&#8221;][et_pb_column type=&#8221;4_4&#8243; _builder_version=&#8221;4.18.0&#8243; _module_preset=&#8221;default&#8221; global_colors_info=&#8221;{}&#8221;][et_pb_image src=&#8221;https:\/\/pluralentertainment.com\/wp-content\/uploads\/2022\/10\/logo-morangos-com-acucar-simbolo-filme-1.png&#8221; title_text=&#8221;logo-morangos-com-acucar-simbolo-filme (1)&#8221; module_class=&#8221;prod-logo&#8221; _builder_version=&#8221;4.18.0&#8243; _module_preset=&#8221;default&#8221; max_width=&#8221;700px&#8221; global_colors_info=&#8221;{}&#8221;][\/et_pb_image][et_pb_text admin_label=&#8221;Sinopse &#8211; pequena&#8221; module_class=&#8221;prod-description&#8221; _builder_version=&#8221;4.18.0&#8243; _module_preset=&#8221;default&#8221; global_colors_info=&#8221;{}&#8221;]<\/p>\n<p>This new installment of \u201cMorangos com A\u00e7\u00facar\u201d is set in the summer and to the sound of music from the past and present, all in an unparalleled adventure. From the beach and the swimming pool to the camping park and the holiday camp, old friends meet again and new friendships are made. Everybody\u2019s happy and nobody wants to miss the big music festival that&#8217;s about to take place. It&#8217;s in this party atmosphere that the energy of the music will set the pace for summer loves and losses. One thing\u2019s for certain. The summer&#8217;s here!<\/p>\n<p>[\/et_pb_text][et_pb_text admin_label=&#8221;bot\u00e3o&#8221; module_class=&#8221;prod-description-btn rv_button_closed custom_rv_button_open&#8221; _builder_version=&#8221;4.18.0&#8243; _module_preset=&#8221;default&#8221; global_colors_info=&#8221;{}&#8221;]<\/p>\n<p>read more +<\/p>\n<p>[\/et_pb_text][\/et_pb_column][\/et_pb_row][et_pb_row admin_label=&#8221;Synopsis&#8221; module_class=&#8221;rv_element custom_rv_element prod-hidden-sinopse&#8221; _builder_version=&#8221;4.18.0&#8243; _module_preset=&#8221;default&#8221; background_color=&#8221;#F5F5F5&#8243; custom_padding=&#8221;||||true|true&#8221; collapsed=&#8221;off&#8221; global_colors_info=&#8221;{}&#8221;][et_pb_column type=&#8221;4_4&#8243; _builder_version=&#8221;4.18.0&#8243; _module_preset=&#8221;default&#8221; global_colors_info=&#8221;{}&#8221;][et_pb_text module_class=&#8221;prod-description-btn rv_button_closed custom_rv_button_close&#8221; _builder_version=&#8221;4.18.0&#8243; _module_preset=&#8221;default&#8221; locked=&#8221;on&#8221; global_colors_info=&#8221;{}&#8221;]<\/p>\n<p>X<\/p>\n<p>[\/et_pb_text][et_pb_text module_class=&#8221;prod-sinopse-title&#8221; _builder_version=&#8221;4.18.0&#8243; _module_preset=&#8221;default&#8221; locked=&#8221;on&#8221; global_colors_info=&#8221;{}&#8221;]<\/p>\n<p><strong>Synopsis<\/strong><\/p>\n<p>[\/et_pb_text][et_pb_text admin_label=&#8221;Sinopse &#8211; grande&#8221; module_class=&#8221;prod-full-description&#8221; _builder_version=&#8221;4.18.0&#8243; _module_preset=&#8221;default&#8221; global_colors_info=&#8221;{}&#8221;]<\/p>\n<p>This new installment of \u201cMorangos com A\u00e7\u00facar\u201d is set in the summer and to the sound of music from the past and present, all in an unparalleled adventure. From the beach and the swimming pool to the camping park and the holiday camp, old friends meet again and new friendships are made. Everybody\u2019s happy and nobody wants to miss the big music festival that&#8217;s about to take place. It&#8217;s in this party atmosphere that the energy of the music will set the pace for summer loves and losses. One thing\u2019s for certain. The summer&#8217;s here!<\/p>\n<p>[\/et_pb_text][\/et_pb_column][\/et_pb_row][et_pb_row column_structure=&#8221;1_2,1_2&#8243; make_equal=&#8221;on&#8221; admin_label=&#8221;Informa\u00e7\u00f5es&#8221; module_class=&#8221;row-info&#8221; _builder_version=&#8221;4.18.0&#8243; _module_preset=&#8221;default&#8221; custom_padding=&#8221;||0px|||&#8221; collapsed=&#8221;off&#8221; global_colors_info=&#8221;{}&#8221;][et_pb_column type=&#8221;1_2&#8243; module_class=&#8221;col-info-general&#8221; _builder_version=&#8221;4.18.0&#8243; _module_preset=&#8221;default&#8221; global_colors_info=&#8221;{}&#8221;][et_pb_blurb title=&#8221;Year&#8221; admin_label=&#8221;Ano&#8221; module_class=&#8221;prod-info&#8221; _builder_version=&#8221;4.18.0&#8243; _module_preset=&#8221;default&#8221; global_colors_info=&#8221;{}&#8221;]<\/p>\n<p>2012<\/p>\n<p>[\/et_pb_blurb][et_pb_blurb title=&#8221;Duration&#8221; admin_label=&#8221;Dura\u00e7\u00e3o&#8221; module_class=&#8221;prod-info&#8221; _builder_version=&#8221;4.18.0&#8243; _module_preset=&#8221;default&#8221; global_colors_info=&#8221;{}&#8221;]<\/p>\n<p>97m<\/p>\n<p>[\/et_pb_blurb][\/et_pb_column][et_pb_column type=&#8221;1_2&#8243; module_class=&#8221;col-info-cliente&#8221; _builder_version=&#8221;4.18.0&#8243; _module_preset=&#8221;default&#8221; global_colors_info=&#8221;{}&#8221;][et_pb_blurb title=&#8221;A production for&#8221; admin_label=&#8221;Produ\u00e7\u00e3o para&#8221; module_class=&#8221;prod-info producao-para&#8221; _builder_version=&#8221;4.18.0&#8243; _module_preset=&#8221;default&#8221; animation=&#8221;off&#8221; global_colors_info=&#8221;{}&#8221;][\/et_pb_blurb][et_pb_blurb image=&#8221;https:\/\/pluralentertainment.com\/wp-content\/uploads\/2022\/09\/Group-1387.png&#8221; admin_label=&#8221;Cliente&#8221; module_class=&#8221;prod-info prod-info-client&#8221; _builder_version=&#8221;4.18.0&#8243; _module_preset=&#8221;default&#8221; animation=&#8221;off&#8221; global_colors_info=&#8221;{}&#8221;][\/et_pb_blurb][et_pb_blurb image=&#8221;https:\/\/pluralentertainment.com\/wp-content\/uploads\/2022\/09\/nos-logotipo.jpg&#8221; admin_label=&#8221;Cliente 2&#8243; module_class=&#8221;prod-info prod-info-client&#8221; _builder_version=&#8221;4.18.0&#8243; _module_preset=&#8221;default&#8221; animation=&#8221;off&#8221; global_colors_info=&#8221;{}&#8221;][\/et_pb_blurb][\/et_pb_column][\/et_pb_row][\/et_pb_section][et_pb_section fb_built=&#8221;1&#8243; admin_label=&#8221;V\u00eddeo &#8211; Bairro&#8221; module_class=&#8221;sec-prod-video&#8221; _builder_version=&#8221;4.18.0&#8243; _module_preset=&#8221;default&#8221; custom_padding=&#8221;0px||0px|||&#8221; collapsed=&#8221;off&#8221; global_colors_info=&#8221;{}&#8221;][et_pb_row _builder_version=&#8221;4.18.0&#8243; _module_preset=&#8221;default&#8221; custom_padding=&#8221;||0px|||&#8221; global_colors_info=&#8221;{}&#8221;][et_pb_column type=&#8221;4_4&#8243; _builder_version=&#8221;4.18.0&#8243; _module_preset=&#8221;default&#8221; global_colors_info=&#8221;{}&#8221;]<\/p>\n<p>[et_pb_video_slider show_thumbnails=&#8221;off&#8221; module_class=&#8221;prod-slider&#8221; _builder_version=&#8221;4.18.0&#8243; _module_preset=&#8221;default&#8221; background_color=&#8221;#C8C8C8&#8243; global_colors_info=&#8221;{}&#8221;][et_pb_video_slider_item src=&#8221;https:\/\/vimeo.com\/759585516&#8243; _builder_version=&#8221;4.18.0&#8243; _module_preset=&#8221;default&#8221; global_colors_info=&#8221;{}&#8221; show_image_overlay=&#8221;off&#8221;][\/et_pb_video_slider_item][\/et_pb_video_slider]<\/p>\n<p>[\/et_pb_column][\/et_pb_row][\/et_pb_section][et_pb_section fb_built=&#8221;1&#8243; admin_label=&#8221;Info &#8211; Bairro&#8221; module_class=&#8221;sec-prod-info&#8221; _builder_version=&#8221;4.18.0&#8243; _module_preset=&#8221;default&#8221; module_alignment=&#8221;center&#8221; custom_padding=&#8221;0px||30px||false|false&#8221; collapsed=&#8221;on&#8221; global_colors_info=&#8221;{}&#8221;][et_pb_row custom_padding_last_edited=&#8221;on|phone&#8221; admin_label=&#8221;Apresenta\u00e7\u00e3o&#8221; _builder_version=&#8221;4.18.0&#8243; _module_preset=&#8221;default&#8221; custom_padding=&#8221;46px||0px||false|false&#8221; custom_padding_tablet=&#8221;36px||||false|false&#8221; custom_padding_phone=&#8221;36px||||false|false&#8221; collapsed=&#8221;off&#8221; global_colors_info=&#8221;{}&#8221;][et_pb_column type=&#8221;4_4&#8243; _builder_version=&#8221;4.18.0&#8243; _module_preset=&#8221;default&#8221; global_colors_info=&#8221;{}&#8221;][et_pb_image src=&#8221;https:\/\/pluralentertainment.com\/wp-content\/uploads\/2022\/10\/logo-bairro-2.png&#8221; title_text=&#8221;logo-bairro-2&#8243; module_class=&#8221;prod-logo&#8221; _builder_version=&#8221;4.18.0&#8243; _module_preset=&#8221;default&#8221; max_height=&#8221;56px&#8221; global_colors_info=&#8221;{}&#8221;][\/et_pb_image][et_pb_text admin_label=&#8221;Sinopse &#8211; pequena&#8221; module_class=&#8221;prod-description&#8221; _builder_version=&#8221;4.18.0&#8243; _module_preset=&#8221;default&#8221; global_colors_info=&#8221;{}&#8221;]<\/p>\n<p>Diana, born and raised in Bairro Estrela Polar, lost her parents when she was still a child. She is the leader of a criminal gang that operates in drug dealing, money laundering, weapons, paintings, jewelry and tobacco. She is behind the main attacks all over Lisbon. She\u2019s a cold and calculating leader, protective of her own, but also a seductive, resourceful and compassionate woman. The Bairro thanks her for her generosity, repaying her by keeping quiet about her criminal activities.<\/p>\n<p>[\/et_pb_text][et_pb_text admin_label=&#8221;bot\u00e3o&#8221; module_class=&#8221;prod-description-btn rv_button_closed custom_rv_button_open&#8221; _builder_version=&#8221;4.18.0&#8243; _module_preset=&#8221;default&#8221; global_colors_info=&#8221;{}&#8221;]<\/p>\n<p>read more +<\/p>\n<p>[\/et_pb_text][\/et_pb_column][\/et_pb_row][et_pb_row admin_label=&#8221;Synopsis&#8221; module_class=&#8221;rv_element custom_rv_element prod-hidden-sinopse&#8221; _builder_version=&#8221;4.18.0&#8243; _module_preset=&#8221;default&#8221; background_color=&#8221;#F5F5F5&#8243; custom_padding=&#8221;||||true|true&#8221; collapsed=&#8221;off&#8221; global_colors_info=&#8221;{}&#8221;][et_pb_column type=&#8221;4_4&#8243; _builder_version=&#8221;4.18.0&#8243; _module_preset=&#8221;default&#8221; global_colors_info=&#8221;{}&#8221;][et_pb_text module_class=&#8221;prod-description-btn rv_button_closed custom_rv_button_close&#8221; _builder_version=&#8221;4.18.0&#8243; _module_preset=&#8221;default&#8221; locked=&#8221;on&#8221; global_colors_info=&#8221;{}&#8221;]<\/p>\n<p>X<\/p>\n<p>[\/et_pb_text][et_pb_text module_class=&#8221;prod-sinopse-title&#8221; _builder_version=&#8221;4.18.0&#8243; _module_preset=&#8221;default&#8221; locked=&#8221;on&#8221; global_colors_info=&#8221;{}&#8221;]<\/p>\n<p><strong>Synopsis<\/strong><\/p>\n<p>[\/et_pb_text][et_pb_text admin_label=&#8221;Sinopse &#8211; grande&#8221; module_class=&#8221;prod-full-description&#8221; _builder_version=&#8221;4.18.0&#8243; _module_preset=&#8221;default&#8221; global_colors_info=&#8221;{}&#8221;]<\/p>\n<p>Diana, born and raised in Bairro Estrela Polar, lost her parents when she was still a child. She is the leader of a criminal gang that operates in drug dealing, money laundering, weapons, paintings, jewelry and tobacco. She is behind the main attacks all over Lisbon. She\u2019s a cold and calculating leader, protective of her own, but also a seductive, resourceful and compassionate woman. The Bairro thanks her for her generosity, repaying her by keeping quiet about her criminal activities. She is capable of killing in cold blood. She commands the most daring attacks and her gang has unlimited respect for her decisions. Violence spreads ever wider. The Bairro is on its own. It\u2019s the impregnable fortress that protects her. Gun in hand, she makes her way, shooting and fighting, making bold moves that leave the criminal police dumbfounded. Diana is a challenge for the criminal police, who do everything in their power to catch her. Taking down Diana\u2019s gang has become an obsession. The criminal police realize they&#8217;re faced with their biggest challenge ever. This is why they won&#8217;t rest until she\u2019s behind bars\u2026 or in the morgue. Diana will face internal conflicts in her gang, the envy of rival gangs and a dogged pursuit by the criminal police. Will Diana be able to survive all these challenges?<\/p>\n<p>[\/et_pb_text][\/et_pb_column][\/et_pb_row][et_pb_row column_structure=&#8221;1_2,1_2&#8243; make_equal=&#8221;on&#8221; admin_label=&#8221;Informa\u00e7\u00f5es&#8221; module_class=&#8221;row-info&#8221; _builder_version=&#8221;4.18.0&#8243; _module_preset=&#8221;default&#8221; custom_padding=&#8221;||0px|||&#8221; collapsed=&#8221;off&#8221; global_colors_info=&#8221;{}&#8221;][et_pb_column type=&#8221;1_2&#8243; module_class=&#8221;col-info-general&#8221; _builder_version=&#8221;4.18.0&#8243; _module_preset=&#8221;default&#8221; global_colors_info=&#8221;{}&#8221;][et_pb_blurb title=&#8221;Year&#8221; admin_label=&#8221;Ano&#8221; module_class=&#8221;prod-info&#8221; _builder_version=&#8221;4.18.0&#8243; _module_preset=&#8221;default&#8221; global_colors_info=&#8221;{}&#8221;]<\/p>\n<p>2012<\/p>\n<p>[\/et_pb_blurb][et_pb_blurb title=&#8221;Duration&#8221; admin_label=&#8221;Dura\u00e7\u00e3o&#8221; module_class=&#8221;prod-info&#8221; _builder_version=&#8221;4.18.0&#8243; _module_preset=&#8221;default&#8221; global_colors_info=&#8221;{}&#8221;]<\/p>\n<p>113m<\/p>\n<p>[\/et_pb_blurb][\/et_pb_column][et_pb_column type=&#8221;1_2&#8243; module_class=&#8221;col-info-cliente&#8221; _builder_version=&#8221;4.18.0&#8243; _module_preset=&#8221;default&#8221; global_colors_info=&#8221;{}&#8221;][et_pb_blurb title=&#8221;A production for&#8221; admin_label=&#8221;Produ\u00e7\u00e3o para&#8221; module_class=&#8221;prod-info producao-para&#8221; _builder_version=&#8221;4.18.0&#8243; _module_preset=&#8221;default&#8221; animation=&#8221;off&#8221; global_colors_info=&#8221;{}&#8221;][\/et_pb_blurb][et_pb_blurb image=&#8221;https:\/\/pluralentertainment.com\/wp-content\/uploads\/2022\/09\/Group-1387.png&#8221; admin_label=&#8221;Cliente&#8221; module_class=&#8221;prod-info prod-info-client&#8221; _builder_version=&#8221;4.18.0&#8243; _module_preset=&#8221;default&#8221; animation=&#8221;off&#8221; global_colors_info=&#8221;{}&#8221;][\/et_pb_blurb][\/et_pb_column][\/et_pb_row][\/et_pb_section]<\/p>\n","protected":false},"excerpt":{"rendered":"<p>HomeFilmsFilmsThis new installment of \u201cMorangos com A\u00e7\u00facar\u201d is set in the summer and to the sound of music from the past and present, all in an unparalleled adventure. From the beach and the swimming pool to the camping park and the holiday camp, old friends meet again and new friendships are made. Everybody\u2019s happy and [&hellip;]<\/p>\n","protected":false},"author":4,"featured_media":0,"parent":0,"menu_order":0,"comment_status":"closed","ping_status":"closed","template":"","meta":{"_et_pb_use_builder":"on","_et_pb_old_content":"","_et_gb_content_width":"","om_disable_all_campaigns":false,"inline_featured_image":false,"_monsterinsights_skip_tracking":false,"_monsterinsights_sitenote_active":false,"_monsterinsights_sitenote_note":"","_monsterinsights_sitenote_category":0,"footnotes":""},"aioseo_notices":[],"_links":{"self":[{"href":"https:\/\/pluralentertainment.com\/en\/wp-json\/wp\/v2\/pages\/6217"}],"collection":[{"href":"https:\/\/pluralentertainment.com\/en\/wp-json\/wp\/v2\/pages"}],"about":[{"href":"https:\/\/pluralentertainment.com\/en\/wp-json\/wp\/v2\/types\/page"}],"author":[{"embeddable":true,"href":"https:\/\/pluralentertainment.com\/en\/wp-json\/wp\/v2\/users\/4"}],"replies":[{"embeddable":true,"href":"https:\/\/pluralentertainment.com\/en\/wp-json\/wp\/v2\/comments?post=6217"}],"version-history":[{"count":12,"href":"https:\/\/pluralentertainment.com\/en\/wp-json\/wp\/v2\/pages\/6217\/revisions"}],"predecessor-version":[{"id":6509,"href":"https:\/\/pluralentertainment.com\/en\/wp-json\/wp\/v2\/pages\/6217\/revisions\/6509"}],"wp:attachment":[{"href":"https:\/\/pluralentertainment.com\/en\/wp-json\/wp\/v2\/media?parent=6217"}],"curies":[{"name":"wp","href":"https:\/\/api.w.org\/{rel}","templated":true}]}}